{"id":38,"date":"2023-02-13T16:33:47","date_gmt":"2023-02-13T15:33:47","guid":{"rendered":"https:\/\/www.xn--leclosduptre-xbb.com\/?page_id=38"},"modified":"2023-09-25T16:04:30","modified_gmt":"2023-09-25T14:04:30","slug":"contact-acces","status":"publish","type":"page","link":"https:\/\/www.xn--leclosduptre-xbb.com\/index.php\/contact-acces\/","title":{"rendered":"Contact et Acc\u00e8s"},"content":{"rendered":"\t\t<div data-elementor-type=\"wp-page\" data-elementor-id=\"38\" class=\"elementor elementor-38\">\n\t\t\t\t\t\t<section class=\"elementor-section elementor-top-section elementor-element elementor-element-b735fc3 elementor-section-height-min-height elementor-section-boxed elementor-section-height-default elementor-section-items-middle\" data-id=\"b735fc3\" data-element_type=\"section\" data-e-type=\"section\" data-settings=\"{&quot;background_background&quot;:&quot;classic&quot;}\">\n\t\t\t\t\t\t<div class=\"elementor-container elementor-column-gap-default\">\n\t\t\t\t\t<div class=\"elementor-column elementor-col-100 elementor-top-column elementor-element elementor-element-743070e\" data-id=\"743070e\" data-element_type=\"column\" data-e-type=\"column\">\n\t\t\t<div class=\"elementor-widget-wrap elementor-element-populated\">\n\t\t\t\t\t\t<div class=\"elementor-element elementor-element-5e0fb84 elementor-widget elementor-widget-spacer\" data-id=\"5e0fb84\" data-element_type=\"widget\" data-e-type=\"widget\" data-widget_type=\"spacer.default\">\n\t\t\t\t<div class=\"elementor-widget-container\">\n\t\t\t\t\t\t\t<div class=\"elementor-spacer\">\n\t\t\t<div class=\"elementor-spacer-inner\"><\/div>\n\t\t<\/div>\n\t\t\t\t\t\t<\/div>\n\t\t\t\t<\/div>\n\t\t\t\t<div class=\"elementor-element elementor-element-3d944fe elementor-widget elementor-widget-heading\" data-id=\"3d944fe\" data-element_type=\"widget\" data-e-type=\"widget\" data-widget_type=\"heading.default\">\n\t\t\t\t<div class=\"elementor-widget-container\">\n\t\t\t\t\t<h2 class=\"elementor-heading-title elementor-size-default\">Contact et Acc\u00e8s<\/h2>\t\t\t\t<\/div>\n\t\t\t\t<\/div>\n\t\t\t\t\t<\/div>\n\t\t<\/div>\n\t\t\t\t\t<\/div>\n\t\t<\/section>\n\t\t\t\t<section class=\"elementor-section elementor-top-section elementor-element elementor-element-a22338c elementor-section-boxed elementor-section-height-default elementor-section-height-default\" data-id=\"a22338c\" data-element_type=\"section\" data-e-type=\"section\">\n\t\t\t\t\t\t<div class=\"elementor-container elementor-column-gap-default\">\n\t\t\t\t\t<div class=\"elementor-column elementor-col-100 elementor-top-column elementor-element elementor-element-a76d9ba\" data-id=\"a76d9ba\" data-element_type=\"column\" data-e-type=\"column\">\n\t\t\t<div class=\"elementor-widget-wrap elementor-element-populated\">\n\t\t\t\t\t\t<div class=\"elementor-element elementor-element-3a421ab elementor-widget elementor-widget-spacer\" data-id=\"3a421ab\" data-element_type=\"widget\" data-e-type=\"widget\" data-widget_type=\"spacer.default\">\n\t\t\t\t<div class=\"elementor-widget-container\">\n\t\t\t\t\t\t\t<div class=\"elementor-spacer\">\n\t\t\t<div class=\"elementor-spacer-inner\"><\/div>\n\t\t<\/div>\n\t\t\t\t\t\t<\/div>\n\t\t\t\t<\/div>\n\t\t\t\t\t<\/div>\n\t\t<\/div>\n\t\t\t\t\t<\/div>\n\t\t<\/section>\n\t\t\t\t<section class=\"elementor-section elementor-top-section elementor-element elementor-element-c228ea5 elementor-section-boxed elementor-section-height-default elementor-section-height-default\" data-id=\"c228ea5\" data-element_type=\"section\" data-e-type=\"section\">\n\t\t\t\t\t\t<div class=\"elementor-container elementor-column-gap-default\">\n\t\t\t\t\t<div class=\"elementor-column elementor-col-100 elementor-top-column elementor-element elementor-element-a5c718b\" data-id=\"a5c718b\" data-element_type=\"column\" data-e-type=\"column\">\n\t\t\t<div class=\"elementor-widget-wrap elementor-element-populated\">\n\t\t\t\t\t\t<div class=\"elementor-element elementor-element-db607c2 elementor-widget elementor-widget-heading\" data-id=\"db607c2\" data-element_type=\"widget\" data-e-type=\"widget\" data-widget_type=\"heading.default\">\n\t\t\t\t<div class=\"elementor-widget-container\">\n\t\t\t\t\t<h2 class=\"elementor-heading-title elementor-size-default\">Une question ? <\/h2>\t\t\t\t<\/div>\n\t\t\t\t<\/div>\n\t\t\t\t\t<\/div>\n\t\t<\/div>\n\t\t\t\t\t<\/div>\n\t\t<\/section>\n\t\t\t\t<section class=\"elementor-section elementor-top-section elementor-element elementor-element-657309b elementor-section-boxed elementor-section-height-default elementor-section-height-default\" data-id=\"657309b\" data-element_type=\"section\" data-e-type=\"section\">\n\t\t\t\t\t\t<div class=\"elementor-container elementor-column-gap-default\">\n\t\t\t\t\t<div class=\"elementor-column elementor-col-100 elementor-top-column elementor-element elementor-element-9bd4c75\" data-id=\"9bd4c75\" data-element_type=\"column\" data-e-type=\"column\">\n\t\t\t<div class=\"elementor-widget-wrap elementor-element-populated\">\n\t\t\t\t\t\t<div class=\"elementor-element elementor-element-604a49d elementor-widget elementor-widget-heading\" data-id=\"604a49d\" data-element_type=\"widget\" data-e-type=\"widget\" data-widget_type=\"heading.default\">\n\t\t\t\t<div class=\"elementor-widget-container\">\n\t\t\t\t\t<h2 class=\"elementor-heading-title elementor-size-default\">Appelez nous <\/h2>\t\t\t\t<\/div>\n\t\t\t\t<\/div>\n\t\t\t\t\t<\/div>\n\t\t<\/div>\n\t\t\t\t\t<\/div>\n\t\t<\/section>\n\t\t\t\t<section class=\"elementor-section elementor-top-section elementor-element elementor-element-5c8f122 elementor-section-boxed elementor-section-height-default elementor-section-height-default\" data-id=\"5c8f122\" data-element_type=\"section\" data-e-type=\"section\">\n\t\t\t\t\t\t<div class=\"elementor-container elementor-column-gap-default\">\n\t\t\t\t\t<div class=\"elementor-column elementor-col-100 elementor-top-column elementor-element elementor-element-850f8e7\" data-id=\"850f8e7\" data-element_type=\"column\" data-e-type=\"column\">\n\t\t\t<div class=\"elementor-widget-wrap elementor-element-populated\">\n\t\t\t\t\t\t<div class=\"elementor-element elementor-element-2f785d7 elementor-widget elementor-widget-text-editor\" data-id=\"2f785d7\" data-element_type=\"widget\" data-e-type=\"widget\" data-widget_type=\"text-editor.default\">\n\t\t\t\t<div class=\"elementor-widget-container\">\n\t\t\t\t\t\t\t\t\t<p><span style=\"font-weight: 400;\">Vous souhaitez en savoir plus sur votre r\u00e9servation ou sur les activit\u00e9s \u00e0 faire dans les alentours de notre \u00e9tablissement, nous vous invitons \u00e0 nous contacter par mail ou par t\u00e9l\u00e9phone. <\/span><\/p><p><span style=\"font-weight: 400;\">\u00c0 bient\u00f4t au Clos du P\u00e2tre !<\/span><\/p><p>Tel : 04 90 62 38 49<\/p><p>Mail : leclosdupatre84@gmail.com\u00a0<\/p>\t\t\t\t\t\t\t\t<\/div>\n\t\t\t\t<\/div>\n\t\t\t\t\t<\/div>\n\t\t<\/div>\n\t\t\t\t\t<\/div>\n\t\t<\/section>\n\t\t\t\t<section class=\"elementor-section elementor-top-section elementor-element elementor-element-c06a95e elementor-section-boxed elementor-section-height-default elementor-section-height-default\" data-id=\"c06a95e\" data-element_type=\"section\" data-e-type=\"section\">\n\t\t\t\t\t\t<div class=\"elementor-container elementor-column-gap-default\">\n\t\t\t\t\t<div class=\"elementor-column elementor-col-100 elementor-top-column elementor-element elementor-element-9ba0315\" data-id=\"9ba0315\" data-element_type=\"column\" data-e-type=\"column\">\n\t\t\t<div class=\"elementor-widget-wrap elementor-element-populated\">\n\t\t\t\t\t\t<div class=\"elementor-element elementor-element-8b305a0 elementor-widget elementor-widget-spacer\" data-id=\"8b305a0\" data-element_type=\"widget\" data-e-type=\"widget\" data-widget_type=\"spacer.default\">\n\t\t\t\t<div class=\"elementor-widget-container\">\n\t\t\t\t\t\t\t<div class=\"elementor-spacer\">\n\t\t\t<div class=\"elementor-spacer-inner\"><\/div>\n\t\t<\/div>\n\t\t\t\t\t\t<\/div>\n\t\t\t\t<\/div>\n\t\t\t\t\t<\/div>\n\t\t<\/div>\n\t\t\t\t\t<\/div>\n\t\t<\/section>\n\t\t\t\t<section class=\"elementor-section elementor-top-section elementor-element elementor-element-3298bdb elementor-section-boxed elementor-section-height-default elementor-section-height-default\" data-id=\"3298bdb\" data-element_type=\"section\" data-e-type=\"section\">\n\t\t\t\t\t\t<div class=\"elementor-container elementor-column-gap-default\">\n\t\t\t\t\t<div class=\"elementor-column elementor-col-50 elementor-top-column elementor-element elementor-element-ed3754a\" data-id=\"ed3754a\" data-element_type=\"column\" data-e-type=\"column\">\n\t\t\t<div class=\"elementor-widget-wrap elementor-element-populated\">\n\t\t\t\t\t\t<div class=\"elementor-element elementor-element-36a9570 elementor-widget elementor-widget-google_maps\" data-id=\"36a9570\" data-element_type=\"widget\" data-e-type=\"widget\" data-widget_type=\"google_maps.default\">\n\t\t\t\t<div class=\"elementor-widget-container\">\n\t\t\t\t\t\t\t<div class=\"elementor-custom-embed\">\n\t\t\t<iframe loading=\"lazy\"\n\t\t\t\t\tsrc=\"https:\/\/maps.google.com\/maps?q=163%20Route%20de%20Beaumes%20de%20Venise%2084330%20Caromb%20France&#038;t=m&#038;z=12&#038;output=embed&#038;iwloc=near\"\n\t\t\t\t\ttitle=\"163 Route de Beaumes de Venise 84330 Caromb France\"\n\t\t\t\t\taria-label=\"163 Route de Beaumes de Venise 84330 Caromb France\"\n\t\t\t><\/iframe>\n\t\t<\/div>\n\t\t\t\t\t\t<\/div>\n\t\t\t\t<\/div>\n\t\t\t\t\t<\/div>\n\t\t<\/div>\n\t\t\t\t<div class=\"elementor-column elementor-col-50 elementor-top-column elementor-element elementor-element-ec22f18\" data-id=\"ec22f18\" data-element_type=\"column\" data-e-type=\"column\">\n\t\t\t<div class=\"elementor-widget-wrap elementor-element-populated\">\n\t\t\t\t\t\t<div class=\"elementor-element elementor-element-6051e86 elementor-widget elementor-widget-heading\" data-id=\"6051e86\" data-element_type=\"widget\" data-e-type=\"widget\" data-widget_type=\"heading.default\">\n\t\t\t\t<div class=\"elementor-widget-container\">\n\t\t\t\t\t<h2 class=\"elementor-heading-title elementor-size-default\">Comment venir ?<\/h2>\t\t\t\t<\/div>\n\t\t\t\t<\/div>\n\t\t\t\t<div class=\"elementor-element elementor-element-daa8648 elementor-widget elementor-widget-heading\" data-id=\"daa8648\" data-element_type=\"widget\" data-e-type=\"widget\" data-widget_type=\"heading.default\">\n\t\t\t\t<div class=\"elementor-widget-container\">\n\t\t\t\t\t<h2 class=\"elementor-heading-title elementor-size-default\">Pr\u00e9parez et organisez votre voyage <\/h2>\t\t\t\t<\/div>\n\t\t\t\t<\/div>\n\t\t\t\t<div class=\"elementor-element elementor-element-944c476 elementor-widget elementor-widget-heading\" data-id=\"944c476\" data-element_type=\"widget\" data-e-type=\"widget\" data-widget_type=\"heading.default\">\n\t\t\t\t<div class=\"elementor-widget-container\">\n\t\t\t\t\t<h2 class=\"elementor-heading-title elementor-size-default\">En train <\/h2>\t\t\t\t<\/div>\n\t\t\t\t<\/div>\n\t\t\t\t<div class=\"elementor-element elementor-element-04c34c9 elementor-widget elementor-widget-text-editor\" data-id=\"04c34c9\" data-element_type=\"widget\" data-e-type=\"widget\" data-widget_type=\"text-editor.default\">\n\t\t\t\t<div class=\"elementor-widget-container\">\n\t\t\t\t\t\t\t\t\t<p><span style=\"font-weight: 400;\">Gare Avignon TGV \u00e0 30 minutes de route<\/span><\/p>\t\t\t\t\t\t\t\t<\/div>\n\t\t\t\t<\/div>\n\t\t\t\t<div class=\"elementor-element elementor-element-ea42edd elementor-widget elementor-widget-heading\" data-id=\"ea42edd\" data-element_type=\"widget\" data-e-type=\"widget\" data-widget_type=\"heading.default\">\n\t\t\t\t<div class=\"elementor-widget-container\">\n\t\t\t\t\t<h2 class=\"elementor-heading-title elementor-size-default\">En avion<\/h2>\t\t\t\t<\/div>\n\t\t\t\t<\/div>\n\t\t\t\t<div class=\"elementor-element elementor-element-91aac91 elementor-widget elementor-widget-text-editor\" data-id=\"91aac91\" data-element_type=\"widget\" data-e-type=\"widget\" data-widget_type=\"text-editor.default\">\n\t\t\t\t<div class=\"elementor-widget-container\">\n\t\t\t\t\t\t\t\t\t<p><span style=\"font-weight: 400;\">A\u00e9roport de Marseille \u00e0 1 heure de route<\/span><\/p>\t\t\t\t\t\t\t\t<\/div>\n\t\t\t\t<\/div>\n\t\t\t\t<div class=\"elementor-element elementor-element-9b781d6 elementor-widget elementor-widget-heading\" data-id=\"9b781d6\" data-element_type=\"widget\" data-e-type=\"widget\" data-widget_type=\"heading.default\">\n\t\t\t\t<div class=\"elementor-widget-container\">\n\t\t\t\t\t<h2 class=\"elementor-heading-title elementor-size-default\">En voiture <\/h2>\t\t\t\t<\/div>\n\t\t\t\t<\/div>\n\t\t\t\t<div class=\"elementor-element elementor-element-3e93309 elementor-widget elementor-widget-text-editor\" data-id=\"3e93309\" data-element_type=\"widget\" data-e-type=\"widget\" data-widget_type=\"text-editor.default\">\n\t\t\t\t<div class=\"elementor-widget-container\">\n\t\t\t\t\t\t\t\t\t<p><span style=\"font-weight: 400;\">Autoroute A7 et A9 \u00e0 proximit\u00e9<\/span><\/p><p>Parking salle des f\u00eates de Caromb dot\u00e9 de cam\u00e9ras<\/p>\t\t\t\t\t\t\t\t<\/div>\n\t\t\t\t<\/div>\n\t\t\t\t\t<\/div>\n\t\t<\/div>\n\t\t\t\t\t<\/div>\n\t\t<\/section>\n\t\t\t\t<section class=\"elementor-section elementor-top-section elementor-element elementor-element-81a8c2a elementor-section-boxed elementor-section-height-default elementor-section-height-default\" data-id=\"81a8c2a\" data-element_type=\"section\" data-e-type=\"section\">\n\t\t\t\t\t\t<div class=\"elementor-container elementor-column-gap-default\">\n\t\t\t\t\t<div class=\"elementor-column elementor-col-100 elementor-top-column elementor-element elementor-element-7b25076\" data-id=\"7b25076\" data-element_type=\"column\" data-e-type=\"column\">\n\t\t\t<div class=\"elementor-widget-wrap elementor-element-populated\">\n\t\t\t\t\t\t<div class=\"elementor-element elementor-element-5b9d6fd elementor-widget elementor-widget-spacer\" data-id=\"5b9d6fd\" data-element_type=\"widget\" data-e-type=\"widget\" data-widget_type=\"spacer.default\">\n\t\t\t\t<div class=\"elementor-widget-container\">\n\t\t\t\t\t\t\t<div class=\"elementor-spacer\">\n\t\t\t<div class=\"elementor-spacer-inner\"><\/div>\n\t\t<\/div>\n\t\t\t\t\t\t<\/div>\n\t\t\t\t<\/div>\n\t\t\t\t\t<\/div>\n\t\t<\/div>\n\t\t\t\t\t<\/div>\n\t\t<\/section>\n\t\t\t\t<\/div>\n\t\t","protected":false},"excerpt":{"rendered":"<p>Contact et Acc\u00e8s Une question ? Appelez nous Vous souhaitez en savoir plus sur votre r\u00e9servation ou sur les activit\u00e9s \u00e0 faire dans les alentours de notre \u00e9tablissement, nous vous [&hellip;]<\/p>\n","protected":false},"author":1,"featured_media":0,"parent":0,"menu_order":0,"comment_status":"closed","ping_status":"closed","template":"","meta":{"site-sidebar-layout":"no-sidebar","site-content-layout":"page-builder","ast-site-content-layout":"default","site-content-style":"default","site-sidebar-style":"default","ast-global-header-display":"","ast-banner-title-visibility":"","ast-main-header-display":"","ast-hfb-above-header-display":"","ast-hfb-below-header-display":"","ast-hfb-mobile-header-display":"","site-post-title":"disabled","ast-breadcrumbs-content":"","ast-featured-img":"disabled","footer-sml-layout":"","ast-disable-related-posts":"","theme-transparent-header-meta":"","adv-header-id-meta":"","stick-header-meta":"","header-above-stick-meta":"","header-main-stick-meta":"","header-below-stick-meta":"","astra-migrate-meta-layouts":"default","ast-page-background-enabled":"default","ast-page-background-meta":{"desktop":{"background-color":"var(--ast-global-color-4)","background-image":"","background-repeat":"repeat","background-position":"center center","background-size":"auto","background-attachment":"scroll","background-type":"","background-media":"","overlay-type":"","overlay-color":"","overlay-opacity":"","overlay-gradient":""},"tablet":{"background-color":"","background-image":"","background-repeat":"repeat","background-position":"center center","background-size":"auto","background-attachment":"scroll","background-type":"","background-media":"","overlay-type":"","overlay-color":"","overlay-opacity":"","overlay-gradient":""},"mobile":{"background-color":"","background-image":"","background-repeat":"repeat","background-position":"center center","background-size":"auto","background-attachment":"scroll","background-type":"","background-media":"","overlay-type":"","overlay-color":"","overlay-opacity":"","overlay-gradient":""}},"ast-content-background-meta":{"desktop":{"background-color":"var(--ast-global-color-5)","background-image":"","background-repeat":"repeat","background-position":"center center","background-size":"auto","background-attachment":"scroll","background-type":"","background-media":"","overlay-type":"","overlay-color":"","overlay-opacity":"","overlay-gradient":""},"tablet":{"background-color":"var(--ast-global-color-5)","background-image":"","background-repeat":"repeat","background-position":"center center","background-size":"auto","background-attachment":"scroll","background-type":"","background-media":"","overlay-type":"","overlay-color":"","overlay-opacity":"","overlay-gradient":""},"mobile":{"background-color":"var(--ast-global-color-5)","background-image":"","background-repeat":"repeat","background-position":"center center","background-size":"auto","background-attachment":"scroll","background-type":"","background-media":"","overlay-type":"","overlay-color":"","overlay-opacity":"","overlay-gradient":""}},"footnotes":""},"class_list":["post-38","page","type-page","status-publish","hentry"],"yoast_head":"<!-- This site is optimized with the Yoast SEO plugin v27.4 - https:\/\/yoast.com\/product\/yoast-seo-wordpress\/ -->\n<title>Contact et Acc\u00e8s - Le Bistro du Clos du P\u00e2tre<\/title>\n<meta name=\"robots\" content=\"index, follow, max-snippet:-1, max-image-preview:large, max-video-preview:-1\" \/>\n<link rel=\"canonical\" href=\"https:\/\/www.xn--leclosduptre-xbb.com\/index.php\/contact-acces\/\" \/>\n<meta property=\"og:locale\" content=\"fr_FR\" \/>\n<meta property=\"og:type\" content=\"article\" \/>\n<meta property=\"og:title\" content=\"Contact et Acc\u00e8s - Le Bistro du Clos du P\u00e2tre\" \/>\n<meta property=\"og:description\" content=\"Contact et Acc\u00e8s Une question ? Appelez nous Vous souhaitez en savoir plus sur votre r\u00e9servation ou sur les activit\u00e9s \u00e0 faire dans les alentours de notre \u00e9tablissement, nous vous [&hellip;]\" \/>\n<meta property=\"og:url\" content=\"https:\/\/www.xn--leclosduptre-xbb.com\/index.php\/contact-acces\/\" \/>\n<meta property=\"og:site_name\" content=\"Le Bistro du Clos du P\u00e2tre\" \/>\n<meta property=\"article:publisher\" content=\"https:\/\/www.facebook.com\/bistroduclosdupatre\" \/>\n<meta property=\"article:modified_time\" content=\"2023-09-25T14:04:30+00:00\" \/>\n<meta name=\"twitter:card\" content=\"summary_large_image\" \/>\n<meta name=\"twitter:label1\" content=\"Dur\u00e9e de lecture estim\u00e9e\" \/>\n\t<meta name=\"twitter:data1\" content=\"1 minute\" \/>\n<script type=\"application\/ld+json\" class=\"yoast-schema-graph\">{\"@context\":\"https:\\\/\\\/schema.org\",\"@graph\":[{\"@type\":\"WebPage\",\"@id\":\"https:\\\/\\\/www.xn--leclosduptre-xbb.com\\\/index.php\\\/contact-acces\\\/\",\"url\":\"https:\\\/\\\/www.xn--leclosduptre-xbb.com\\\/index.php\\\/contact-acces\\\/\",\"name\":\"Contact et Acc\u00e8s - Le Bistro du Clos du P\u00e2tre\",\"isPartOf\":{\"@id\":\"https:\\\/\\\/www.xn--leclosduptre-xbb.com\\\/#website\"},\"datePublished\":\"2023-02-13T15:33:47+00:00\",\"dateModified\":\"2023-09-25T14:04:30+00:00\",\"breadcrumb\":{\"@id\":\"https:\\\/\\\/www.xn--leclosduptre-xbb.com\\\/index.php\\\/contact-acces\\\/#breadcrumb\"},\"inLanguage\":\"fr-FR\",\"potentialAction\":[{\"@type\":\"ReadAction\",\"target\":[\"https:\\\/\\\/www.xn--leclosduptre-xbb.com\\\/index.php\\\/contact-acces\\\/\"]}]},{\"@type\":\"BreadcrumbList\",\"@id\":\"https:\\\/\\\/www.xn--leclosduptre-xbb.com\\\/index.php\\\/contact-acces\\\/#breadcrumb\",\"itemListElement\":[{\"@type\":\"ListItem\",\"position\":1,\"name\":\"Accueil\",\"item\":\"https:\\\/\\\/www.xn--leclosduptre-xbb.com\\\/\"},{\"@type\":\"ListItem\",\"position\":2,\"name\":\"Contact et Acc\u00e8s\"}]},{\"@type\":\"WebSite\",\"@id\":\"https:\\\/\\\/www.xn--leclosduptre-xbb.com\\\/#website\",\"url\":\"https:\\\/\\\/www.xn--leclosduptre-xbb.com\\\/\",\"name\":\"Le Bistro du Clos du P\u00e2tre\",\"description\":\"Un restaurant au c\u0153ur de la Provence o\u00f9 vous pourrez d\u00e9couvrir une cuisine raffin\u00e9 et conviviale\",\"publisher\":{\"@id\":\"https:\\\/\\\/www.xn--leclosduptre-xbb.com\\\/#organization\"},\"potentialAction\":[{\"@type\":\"SearchAction\",\"target\":{\"@type\":\"EntryPoint\",\"urlTemplate\":\"https:\\\/\\\/www.xn--leclosduptre-xbb.com\\\/?s={search_term_string}\"},\"query-input\":{\"@type\":\"PropertyValueSpecification\",\"valueRequired\":true,\"valueName\":\"search_term_string\"}}],\"inLanguage\":\"fr-FR\"},{\"@type\":\"Organization\",\"@id\":\"https:\\\/\\\/www.xn--leclosduptre-xbb.com\\\/#organization\",\"name\":\"Le Bistro du Clos du P\u00e2tre\",\"url\":\"https:\\\/\\\/www.xn--leclosduptre-xbb.com\\\/\",\"logo\":{\"@type\":\"ImageObject\",\"inLanguage\":\"fr-FR\",\"@id\":\"https:\\\/\\\/www.xn--leclosduptre-xbb.com\\\/#\\\/schema\\\/logo\\\/image\\\/\",\"url\":\"https:\\\/\\\/www.xn--leclosduptre-xbb.com\\\/wp-content\\\/uploads\\\/2023\\\/02\\\/Mouton-1.png\",\"contentUrl\":\"https:\\\/\\\/www.xn--leclosduptre-xbb.com\\\/wp-content\\\/uploads\\\/2023\\\/02\\\/Mouton-1.png\",\"width\":4500,\"height\":4500,\"caption\":\"Le Bistro du Clos du P\u00e2tre\"},\"image\":{\"@id\":\"https:\\\/\\\/www.xn--leclosduptre-xbb.com\\\/#\\\/schema\\\/logo\\\/image\\\/\"},\"sameAs\":[\"https:\\\/\\\/www.facebook.com\\\/bistroduclosdupatre\"]}]}<\/script>\n<!-- \/ Yoast SEO plugin. -->","yoast_head_json":{"title":"Contact et Acc\u00e8s - Le Bistro du Clos du P\u00e2tre","robots":{"index":"index","follow":"follow","max-snippet":"max-snippet:-1","max-image-preview":"max-image-preview:large","max-video-preview":"max-video-preview:-1"},"canonical":"https:\/\/www.xn--leclosduptre-xbb.com\/index.php\/contact-acces\/","og_locale":"fr_FR","og_type":"article","og_title":"Contact et Acc\u00e8s - Le Bistro du Clos du P\u00e2tre","og_description":"Contact et Acc\u00e8s Une question ? Appelez nous Vous souhaitez en savoir plus sur votre r\u00e9servation ou sur les activit\u00e9s \u00e0 faire dans les alentours de notre \u00e9tablissement, nous vous [&hellip;]","og_url":"https:\/\/www.xn--leclosduptre-xbb.com\/index.php\/contact-acces\/","og_site_name":"Le Bistro du Clos du P\u00e2tre","article_publisher":"https:\/\/www.facebook.com\/bistroduclosdupatre","article_modified_time":"2023-09-25T14:04:30+00:00","twitter_card":"summary_large_image","twitter_misc":{"Dur\u00e9e de lecture estim\u00e9e":"1 minute"},"schema":{"@context":"https:\/\/schema.org","@graph":[{"@type":"WebPage","@id":"https:\/\/www.xn--leclosduptre-xbb.com\/index.php\/contact-acces\/","url":"https:\/\/www.xn--leclosduptre-xbb.com\/index.php\/contact-acces\/","name":"Contact et Acc\u00e8s - Le Bistro du Clos du P\u00e2tre","isPartOf":{"@id":"https:\/\/www.xn--leclosduptre-xbb.com\/#website"},"datePublished":"2023-02-13T15:33:47+00:00","dateModified":"2023-09-25T14:04:30+00:00","breadcrumb":{"@id":"https:\/\/www.xn--leclosduptre-xbb.com\/index.php\/contact-acces\/#breadcrumb"},"inLanguage":"fr-FR","potentialAction":[{"@type":"ReadAction","target":["https:\/\/www.xn--leclosduptre-xbb.com\/index.php\/contact-acces\/"]}]},{"@type":"BreadcrumbList","@id":"https:\/\/www.xn--leclosduptre-xbb.com\/index.php\/contact-acces\/#breadcrumb","itemListElement":[{"@type":"ListItem","position":1,"name":"Accueil","item":"https:\/\/www.xn--leclosduptre-xbb.com\/"},{"@type":"ListItem","position":2,"name":"Contact et Acc\u00e8s"}]},{"@type":"WebSite","@id":"https:\/\/www.xn--leclosduptre-xbb.com\/#website","url":"https:\/\/www.xn--leclosduptre-xbb.com\/","name":"Le Bistro du Clos du P\u00e2tre","description":"Un restaurant au c\u0153ur de la Provence o\u00f9 vous pourrez d\u00e9couvrir une cuisine raffin\u00e9 et conviviale","publisher":{"@id":"https:\/\/www.xn--leclosduptre-xbb.com\/#organization"},"potentialAction":[{"@type":"SearchAction","target":{"@type":"EntryPoint","urlTemplate":"https:\/\/www.xn--leclosduptre-xbb.com\/?s={search_term_string}"},"query-input":{"@type":"PropertyValueSpecification","valueRequired":true,"valueName":"search_term_string"}}],"inLanguage":"fr-FR"},{"@type":"Organization","@id":"https:\/\/www.xn--leclosduptre-xbb.com\/#organization","name":"Le Bistro du Clos du P\u00e2tre","url":"https:\/\/www.xn--leclosduptre-xbb.com\/","logo":{"@type":"ImageObject","inLanguage":"fr-FR","@id":"https:\/\/www.xn--leclosduptre-xbb.com\/#\/schema\/logo\/image\/","url":"https:\/\/www.xn--leclosduptre-xbb.com\/wp-content\/uploads\/2023\/02\/Mouton-1.png","contentUrl":"https:\/\/www.xn--leclosduptre-xbb.com\/wp-content\/uploads\/2023\/02\/Mouton-1.png","width":4500,"height":4500,"caption":"Le Bistro du Clos du P\u00e2tre"},"image":{"@id":"https:\/\/www.xn--leclosduptre-xbb.com\/#\/schema\/logo\/image\/"},"sameAs":["https:\/\/www.facebook.com\/bistroduclosdupatre"]}]}},"_links":{"self":[{"href":"https:\/\/www.xn--leclosduptre-xbb.com\/index.php\/wp-json\/wp\/v2\/pages\/38","targetHints":{"allow":["GET"]}}],"collection":[{"href":"https:\/\/www.xn--leclosduptre-xbb.com\/index.php\/wp-json\/wp\/v2\/pages"}],"about":[{"href":"https:\/\/www.xn--leclosduptre-xbb.com\/index.php\/wp-json\/wp\/v2\/types\/page"}],"author":[{"embeddable":true,"href":"https:\/\/www.xn--leclosduptre-xbb.com\/index.php\/wp-json\/wp\/v2\/users\/1"}],"replies":[{"embeddable":true,"href":"https:\/\/www.xn--leclosduptre-xbb.com\/index.php\/wp-json\/wp\/v2\/comments?post=38"}],"version-history":[{"count":35,"href":"https:\/\/www.xn--leclosduptre-xbb.com\/index.php\/wp-json\/wp\/v2\/pages\/38\/revisions"}],"predecessor-version":[{"id":679,"href":"https:\/\/www.xn--leclosduptre-xbb.com\/index.php\/wp-json\/wp\/v2\/pages\/38\/revisions\/679"}],"wp:attachment":[{"href":"https:\/\/www.xn--leclosduptre-xbb.com\/index.php\/wp-json\/wp\/v2\/media?parent=38"}],"curies":[{"name":"wp","href":"https:\/\/api.w.org\/{rel}","templated":true}]}}